{"id":233,"date":"2023-01-07T16:06:24","date_gmt":"2023-01-07T15:06:24","guid":{"rendered":"https:\/\/photochef.hu\/?page_id=233"},"modified":"2023-08-28T17:40:14","modified_gmt":"2023-08-28T15:40:14","slug":"egyeb-fotozasaim","status":"publish","type":"page","link":"https:\/\/photochef.hu\/?page_id=233","title":{"rendered":"Egy\u00e9b fot\u00f3z\u00e1saim:"},"content":{"rendered":"\n<p><\/p>\n\n\n\n<p><\/p>\n\n\n\n<h3><a href=\"http:\/\/photochef.hu\/?page_id=216\">\u00c9tel fot\u00f3z\u00e1s<\/a><\/h3>\n\n\n\n<figure class=\"wp-block-image size-large is-resized\"><a href=\"http:\/\/photochef.hu\/?page_id=216\"><img decoding=\"async\" loading=\"lazy\" src=\"http:\/\/photochef.hu\/wp-content\/uploads\/2023\/01\/DSC_1885-masolat-1024x681.jpg\" alt=\"\" class=\"wp-image-219\" width=\"343\" height=\"228\" srcset=\"https:\/\/photochef.hu\/wp-content\/uploads\/2023\/01\/DSC_1885-masolat-1024x681.jpg 1024w, https:\/\/photochef.hu\/wp-content\/uploads\/2023\/01\/DSC_1885-masolat-300x200.jpg 300w, https:\/\/photochef.hu\/wp-content\/uploads\/2023\/01\/DSC_1885-masolat-768x511.jpg 768w, https:\/\/photochef.hu\/wp-content\/uploads\/2023\/01\/DSC_1885-masolat-1536x1022.jpg 1536w, https:\/\/photochef.hu\/wp-content\/uploads\/2023\/01\/DSC_1885-masolat-2048x1363.jpg 2048w\" sizes=\"(max-width: 343px) 100vw, 343px\" \/><\/a><\/figure>\n\n\n\n<h3><a href=\"http:\/\/photochef.hu\/?page_id=279\">Enteri\u0151r fot\u00f3z\u00e1s<\/a><\/h3>\n\n\n\n<figure class=\"wp-block-image size-large is-resized\"><a href=\"http:\/\/photochef.hu\/?page_id=279\"><img decoding=\"async\" loading=\"lazy\" src=\"http:\/\/photochef.hu\/wp-content\/uploads\/2023\/01\/DSC_1799-masolat-1024x681.jpg\" alt=\"\" class=\"wp-image-289\" width=\"349\" height=\"232\" srcset=\"https:\/\/photochef.hu\/wp-content\/uploads\/2023\/01\/DSC_1799-masolat-1024x681.jpg 1024w, https:\/\/photochef.hu\/wp-content\/uploads\/2023\/01\/DSC_1799-masolat-300x200.jpg 300w, https:\/\/photochef.hu\/wp-content\/uploads\/2023\/01\/DSC_1799-masolat-768x511.jpg 768w, https:\/\/photochef.hu\/wp-content\/uploads\/2023\/01\/DSC_1799-masolat-1536x1022.jpg 1536w, https:\/\/photochef.hu\/wp-content\/uploads\/2023\/01\/DSC_1799-masolat-2048x1363.jpg 2048w\" sizes=\"(max-width: 349px) 100vw, 349px\" \/><\/a><\/figure>\n","protected":false},"excerpt":{"rendered":"<p>\u00c9tel fot\u00f3z\u00e1s Enteri\u0151r fot\u00f3z\u00e1s<\/p>\n","protected":false},"author":1,"featured_media":0,"parent":0,"menu_order":0,"comment_status":"closed","ping_status":"closed","template":"","meta":[],"_links":{"self":[{"href":"https:\/\/photochef.hu\/index.php?rest_route=\/wp\/v2\/pages\/233"}],"collection":[{"href":"https:\/\/photochef.hu\/index.php?rest_route=\/wp\/v2\/pages"}],"about":[{"href":"https:\/\/photochef.hu\/index.php?rest_route=\/wp\/v2\/types\/page"}],"author":[{"embeddable":true,"href":"https:\/\/photochef.hu\/index.php?rest_route=\/wp\/v2\/users\/1"}],"replies":[{"embeddable":true,"href":"https:\/\/photochef.hu\/index.php?rest_route=%2Fwp%2Fv2%2Fcomments&post=233"}],"version-history":[{"count":10,"href":"https:\/\/photochef.hu\/index.php?rest_route=\/wp\/v2\/pages\/233\/revisions"}],"predecessor-version":[{"id":343,"href":"https:\/\/photochef.hu\/index.php?rest_route=\/wp\/v2\/pages\/233\/revisions\/343"}],"wp:attachment":[{"href":"https:\/\/photochef.hu\/index.php?rest_route=%2Fwp%2Fv2%2Fmedia&parent=233"}],"curies":[{"name":"wp","href":"https:\/\/api.w.org\/{rel}","templated":true}]}}